{"id":3,"date":"2025-07-23T11:23:11","date_gmt":"2025-07-23T09:23:11","guid":{"rendered":"https:\/\/www.comfortenergysolutions.es\/?page_id=3"},"modified":"2025-10-24T10:18:14","modified_gmt":"2025-10-24T08:18:14","slug":"privacy","status":"publish","type":"page","link":"https:\/\/www.comfortenergysolutions.es\/es\/privacy\/","title":{"rendered":"Privacy Policy"},"content":{"rendered":"<div class=\"wpb-content-wrapper\"><div data-parent=\"true\" class=\"vc_row row-container\" id=\"row-unique-2\"><div class=\"row limit-width row-parent\"><div class=\"wpb_row row-inner\"><div class=\"wpb_column pos-top pos-center align_left column_parent col-lg-12 single-internal-gutter\"><div class=\"uncol style-light\"  ><div class=\"uncoltable\"><div class=\"uncell no-block-padding\" ><div class=\"uncont\" ><div class=\"vc_custom_heading_wrap\"><div class=\"heading-text el-text\" ><h1 class=\"h3 text-accent-color\" ><span>Pol\u00edtica de Privacidad<\/span><\/h1><\/div><div class=\"clear\"><\/div><\/div><div class=\"uncode_text_column\" ><p>Somos conscientes de que depositas tu confianza en nosotros. Por lo tanto, consideramos que es nuestra responsabilidad proteger su privacidad. En esta p\u00e1gina le informamos qu\u00e9 datos recopilamos cuando utiliza nuestro sitio web, por qu\u00e9 recopilamos estos datos y c\u00f3mo mejoramos su experiencia de usuario. De esta manera entender\u00e1s exactamente c\u00f3mo trabajamos. Esta pol\u00edtica de privacidad se aplica a los servicios de Comfort Energy Solutions.<\/p>\n<p>Debe tener en cuenta que Comfort Energy Solutions no es responsable de las pol\u00edticas de privacidad de otros sitios y fuentes. Al utilizar este sitio web usted indica que acepta la pol\u00edtica de privacidad. Comfort Energy Solutions respeta la privacidad de todos los usuarios de su sitio y garantiza que la informaci\u00f3n personal que usted proporcione se trate de forma confidencial.<\/p>\n<\/div><span class=\"btn-container\" ><a role=\"button\"  href=\"https:\/\/www.comfortenergysolutions.es\/wp-content\/uploads\/2025\/10\/Privacy-beleid-CES-ES-PDF.pdf\" class=\"custom-link btn border-width-0 btn-color-orange btn-icon-left\" target=\"_blank\">Leer m\u00e1s<\/a><\/span><\/div><\/div><\/div><\/div><\/div><script id=\"script-row-unique-2\" data-row=\"script-row-unique-2\" type=\"text\/javascript\" class=\"vc_controls\">UNCODE.initRow(document.getElementById(\"row-unique-2\"));<\/script><\/div><\/div><\/div>\n<\/div>","protected":false},"excerpt":{"rendered":"Pol\u00edtica de PrivacidadSomos conscientes de que depositas tu confianza en nosotros. Por lo tanto, consideramos que es nuestra responsabilidad proteger [...]","protected":false},"author":2,"featured_media":0,"parent":0,"menu_order":0,"comment_status":"closed","ping_status":"closed","template":"","meta":{"iawp_total_views":6,"footnotes":""},"class_list":["post-3","page","type-page","status-publish","hentry"],"_links":{"self":[{"href":"https:\/\/www.comfortenergysolutions.es\/es\/wp-json\/wp\/v2\/pages\/3","targetHints":{"allow":["GET"]}}],"collection":[{"href":"https:\/\/www.comfortenergysolutions.es\/es\/wp-json\/wp\/v2\/pages"}],"about":[{"href":"https:\/\/www.comfortenergysolutions.es\/es\/wp-json\/wp\/v2\/types\/page"}],"author":[{"embeddable":true,"href":"https:\/\/www.comfortenergysolutions.es\/es\/wp-json\/wp\/v2\/users\/2"}],"replies":[{"embeddable":true,"href":"https:\/\/www.comfortenergysolutions.es\/es\/wp-json\/wp\/v2\/comments?post=3"}],"version-history":[{"count":13,"href":"https:\/\/www.comfortenergysolutions.es\/es\/wp-json\/wp\/v2\/pages\/3\/revisions"}],"predecessor-version":[{"id":160209,"href":"https:\/\/www.comfortenergysolutions.es\/es\/wp-json\/wp\/v2\/pages\/3\/revisions\/160209"}],"wp:attachment":[{"href":"https:\/\/www.comfortenergysolutions.es\/es\/wp-json\/wp\/v2\/media?parent=3"}],"curies":[{"name":"wp","href":"https:\/\/api.w.org\/{rel}","templated":true}]}}