{"id":159364,"date":"2025-07-31T07:28:17","date_gmt":"2025-07-31T05:28:17","guid":{"rendered":"https:\/\/www.comfortenergysolutions.es\/?page_id=159364"},"modified":"2025-10-17T11:20:24","modified_gmt":"2025-10-17T09:20:24","slug":"quotation","status":"publish","type":"page","link":"https:\/\/www.comfortenergysolutions.es\/es\/quotation\/","title":{"rendered":"Presupuesto"},"content":{"rendered":"<div class=\"wpb-content-wrapper\"><div data-parent=\"true\" class=\"vc_row has-bg need-focus style-color-wayh-bg row-container with-parallax\" id=\"row-unique-0\"><div class=\"row-background background-element\">\n\t\t\t\t\t\t\t\t\t\t\t<div class=\"background-wrapper\">\n\t\t\t\t\t\t\t\t\t\t\t\t<div class=\"background-inner self-video uncode-video-container\" style=\"background-repeat: no-repeat;background-position: center center;background-size: cover;\"><div style=\"width: 640px;\" class=\"wp-video\"><video onloadeddata=\"this.play();\" loop playsinline muted aria-hidden=\"true\" role=\"presentation\" data-keepplaying class =\"background-video-shortcode\" data-ratio=\"1.7777777777778\" id=\"video-159364-1\" width=\"640\" height=\"360\" preload=\"metadata\" ><source type=\"video\/mp4\" src=\"https:\/\/www.comfortenergysolutions.es\/wp-content\/uploads\/2025\/07\/2605326-uhd_3840_2160_30fps.mp4?_=1\" \/><\/video><\/div><\/div>\n\t\t\t\t\t\t\t\t\t\t\t\t\n\t\t\t\t\t\t\t\t\t\t\t<\/div>\n\t\t\t\t\t\t\t\t\t\t<\/div><div class=\"row no-top-padding no-bottom-padding no-h-padding full-width row-parent\" data-height-ratio=\"30\" data-minheight=\"250\"><div class=\"wpb_row row-inner\"><div class=\"wpb_column pos-top pos-center align_left column_parent col-lg-12 single-internal-gutter\"><div class=\"uncol style-light\"  ><div class=\"uncoltable\"><div class=\"uncell no-block-padding\" ><div class=\"uncont\" ><\/div><\/div><\/div><\/div><\/div><script id=\"script-row-unique-0\" data-row=\"script-row-unique-0\" type=\"text\/javascript\" class=\"vc_controls\">UNCODE.initRow(document.getElementById(\"row-unique-0\"));<\/script><\/div><\/div><\/div><div data-parent=\"true\" class=\"vc_row row-container\" id=\"row-unique-1\"><div class=\"row no-top-padding no-bottom-padding single-h-padding limit-width row-parent\"><div class=\"wpb_row row-inner\"><div class=\"wpb_column pos-top pos-center align_center column_parent col-lg-12 single-internal-gutter\"><div class=\"uncol style-spec style-dark shift_y_neg_quad shift_y_fixed animate_when_almost_visible zoom-in\"  data-delay=\"400\"><div class=\"uncoltable\"><div class=\"uncell double-block-padding style-accent-bg has-bg unshadow-lg unradius-lg\" ><div class=\"uncont\" ><div class=\"vc_row row-internal row-container\"><div class=\"row col-double-gutter row-child\"><div class=\"wpb_row row-inner\"><div class=\"wpb_column pos-top pos-center align_left column_child col-lg-6 col-md-33 half-internal-gutter\"><div class=\"uncol style-spec style-dark\" ><div class=\"uncoltable\"><div class=\"uncell no-block-padding\" ><div class=\"uncont\" ><div class=\"vc_custom_heading_wrap\"><div class=\"heading-text el-text\" ><h3 class=\"h3 text-color-jevc-color\" ><span>SOLICITA TU PRESUPUESTO<\/span><\/h3><\/div><div class=\"clear\"><\/div><\/div><div class=\"vc_custom_heading_wrap\"><div class=\"heading-text el-text\" ><h6 class=\"h4\" ><span>Comfort Energy Solutions est\u00e1 aqu\u00ed para hacer tu vida en Espa\u00f1a m\u00e1s f\u00e1cil, ecol\u00f3gica y c\u00f3moda.<\/span><\/h6><\/div><div class=\"clear\"><\/div><\/div><\/div><\/div><\/div><\/div><\/div><div class=\"wpb_column pos-top pos-center align_left column_child col-lg-6 col-md-33 half-internal-gutter\"><div class=\"uncol style-spec style-dark\" ><div class=\"uncoltable\"><div class=\"uncell no-block-padding\" ><div class=\"uncont\" ><div class=\"vc_custom_heading_wrap\"><div class=\"heading-text el-text\" ><h3 class=\"h4 text-color-jevc-color\" ><span>D\u00e9janos ayudarte con tus sistemas de energ\u00eda<\/span><\/h3><\/div><div class=\"clear\"><\/div><\/div><div class=\"vc_custom_heading_wrap mobile-hidden\"><div class=\"heading-text el-text\" ><h6 class=\"h4\" ><span>info@comfortenergysolutions.es<br \/><\/span><span>+34 966 941 849<\/span><\/h6><\/div><div class=\"clear\"><\/div><\/div><div class=\"vc_custom_heading_wrap desktop-hidden tablet-hidden\"><div class=\"heading-text el-text\" ><h6 class=\"h4\" ><span><a href=\"\/es\/info@comfortenergysolutions.es\/\">Email<\/a><br \/><\/span><span>+34 966 941 849<\/span><\/h6><\/div><div class=\"clear\"><\/div><\/div><\/div><\/div><\/div><\/div><\/div><\/div><\/div><\/div><\/div><\/div><\/div><\/div><\/div><script id=\"script-row-unique-1\" data-row=\"script-row-unique-1\" type=\"text\/javascript\" class=\"vc_controls\">UNCODE.initRow(document.getElementById(\"row-unique-1\"));<\/script><\/div><\/div><\/div><div data-parent=\"true\" class=\"vc_row row-container\" id=\"row-unique-2\"><div class=\"row col-double-gutter double-top-padding quad-bottom-padding single-h-padding limit-width row-parent\"><div class=\"wpb_row row-inner\"><div class=\"wpb_column pos-top pos-center align_left column_parent col-lg-12 half-internal-gutter\"><div class=\"uncol style-light font-136269\"  ><div class=\"uncoltable\"><div class=\"uncell no-block-padding\" ><div class=\"uncont\" >\n<div class=\"wpcf7 no-js\" id=\"wpcf7-f159706-o1\" lang=\"en-US\" dir=\"ltr\" data-wpcf7-id=\"159706\">\n<div class=\"screen-reader-response\"><p role=\"status\" aria-live=\"polite\" aria-atomic=\"true\"><\/p> <ul><\/ul><\/div>\n<form action=\"\/es\/wp-json\/wp\/v2\/pages\/159364#wpcf7-f159706-o1\" method=\"post\" class=\"wpcf7-form init input-background form-no-labels\" aria-label=\"Contact form\" enctype=\"multipart\/form-data\" novalidate=\"novalidate\" data-status=\"init\" data-trp-original-action=\"\/es\/wp-json\/wp\/v2\/pages\/159364#wpcf7-f159706-o1\">\n<fieldset class=\"hidden-fields-container\"><input type=\"hidden\" name=\"_wpcf7\" value=\"159706\" \/><input type=\"hidden\" name=\"_wpcf7_version\" value=\"6.1.4\" \/><input type=\"hidden\" name=\"_wpcf7_locale\" value=\"en_US\" \/><input type=\"hidden\" name=\"_wpcf7_unit_tag\" value=\"wpcf7-f159706-o1\" \/><input type=\"hidden\" name=\"_wpcf7_container_post\" value=\"0\" \/><input type=\"hidden\" name=\"_wpcf7_posted_data_hash\" value=\"\" \/>\n<\/fieldset>\n<p><span style=\"font-weight:600;font-size:24px;\">Tus Detalles<\/span>\n<\/p>\n<div class=\"wpcf7-inline-wrapper\">\n\t<p class=\"wpcf7-inline-field\"><span class=\"wpcf7-form-control-wrap\" data-name=\"your-firstname\"><input size=\"40\" maxlength=\"400\" class=\"wpcf7-form-control wpcf7-text wpcf7-validates-as-required form-fluid\" aria-required=\"true\" aria-invalid=\"false\" placeholder=\"Nombre*\" value=\"\" type=\"text\" name=\"your-firstname\" \/><\/span>\n\t<\/p>\n\t<p class=\"wpcf7-inline-field\"><span class=\"wpcf7-form-control-wrap\" data-name=\"your-lastname\"><input size=\"40\" maxlength=\"400\" class=\"wpcf7-form-control wpcf7-text wpcf7-validates-as-required form-fluid\" aria-required=\"true\" aria-invalid=\"false\" placeholder=\"Apellidos*\" value=\"\" type=\"text\" name=\"your-lastname\" \/><\/span>\n\t<\/p>\n<\/div>\n<p><span class=\"wpcf7-form-control-wrap\" data-name=\"company-name\"><input size=\"40\" maxlength=\"400\" class=\"wpcf7-form-control wpcf7-text form-fluid\" aria-invalid=\"false\" placeholder=\"Empresa\" value=\"\" type=\"text\" name=\"company-name\" \/><\/span>\n<\/p>\n<div class=\"wpcf7-inline-wrapper\">\n\t<p class=\"wpcf7-inline-field\"><span class=\"wpcf7-form-control-wrap\" data-name=\"your-email\"><input size=\"40\" maxlength=\"400\" class=\"wpcf7-form-control wpcf7-email wpcf7-validates-as-required wpcf7-text wpcf7-validates-as-email\" aria-required=\"true\" aria-invalid=\"false\" placeholder=\"Email*\" value=\"\" type=\"email\" name=\"your-email\" \/><\/span>\n\t<\/p>\n\t<p class=\"wpcf7-inline-field\"><span class=\"wpcf7-form-control-wrap\" data-name=\"your-telephone\"><input size=\"40\" maxlength=\"400\" class=\"wpcf7-form-control wpcf7-text wpcf7-validates-as-required form-fluid\" aria-required=\"true\" aria-invalid=\"false\" placeholder=\"Tel\u00e9fono de contacto*\" value=\"\" type=\"text\" name=\"your-telephone\" \/><\/span>\n\t<\/p>\n<\/div>\n<div class=\"wpcf7-inline-wrapper\">\n\t<p class=\"wpcf7-inline-field\"><span class=\"wpcf7-form-control-wrap\" data-name=\"street\"><input size=\"40\" maxlength=\"400\" class=\"wpcf7-form-control wpcf7-text wpcf7-validates-as-required form-fluid\" aria-required=\"true\" aria-invalid=\"false\" placeholder=\"Calle*\" value=\"\" type=\"text\" name=\"street\" \/><\/span>\n\t<\/p>\n\t<p class=\"wpcf7-inline-field\"><span class=\"wpcf7-form-control-wrap\" data-name=\"house-number\"><input size=\"40\" maxlength=\"400\" class=\"wpcf7-form-control wpcf7-text wpcf7-validates-as-required form-fluid\" aria-required=\"true\" aria-invalid=\"false\" placeholder=\"N\u00famero*\" value=\"\" type=\"text\" name=\"house-number\" \/><\/span>\n\t<\/p>\n<\/div>\n<div class=\"wpcf7-inline-wrapper\">\n\t<p class=\"wpcf7-inline-field\"><span class=\"wpcf7-form-control-wrap\" data-name=\"postalcode\"><input size=\"40\" maxlength=\"400\" class=\"wpcf7-form-control wpcf7-text wpcf7-validates-as-required\" aria-required=\"true\" aria-invalid=\"false\" placeholder=\"C\u00f3digo Postal*\" value=\"\" type=\"text\" name=\"postalcode\" \/><\/span>\n\t<\/p>\n\t<p class=\"wpcf7-inline-field\"><span class=\"wpcf7-form-control-wrap\" data-name=\"town\"><input size=\"40\" maxlength=\"400\" class=\"wpcf7-form-control wpcf7-text wpcf7-validates-as-required form-fluid\" aria-required=\"true\" aria-invalid=\"false\" placeholder=\"Ciudad*\" value=\"\" type=\"text\" name=\"town\" \/><\/span>\n\t<\/p>\n<\/div>\n<p>\u00bfC\u00f3mo nos conoces?<span class=\"wpcf7-form-control-wrap\" data-name=\"howknowus\"><select class=\"wpcf7-form-control wpcf7-select\" aria-invalid=\"false\" name=\"howknowus\"><option value=\"\">&#8212;Please choose an option&#8212;<\/option><option value=\"Facebook\">Facebook<\/option><option value=\"LinkedIn\">LinkedIn<\/option><option value=\"Google\">Google<\/option><option value=\"Flyer\">Flyer<\/option><option value=\"De Week\">De Week<\/option><option value=\"EuroWeekly News\">EuroWeekly News<\/option><option value=\"Spain Life Exclusive\">Spain Life Exclusive<\/option><option value=\"The Scandinavian Newspaper\">The Scandinavian Newspaper<\/option><option value=\"Friends or Family\">Familia o amigos<\/option><\/select><\/span>\n<\/p>\n<div>\n\t<p>&nbsp;\n\t<\/p>\n<\/div>\n<p><span style=\"font-weight:600;font-size:24px;\">\u00bfEn qu\u00e9 est\u00e1s interesado? Por favor, selecciona abajo<\/span>\n<\/p>\n<p><span class=\"wpcf7-form-control-wrap\" data-name=\"checkbox-945\"><span class=\"wpcf7-form-control wpcf7-checkbox\"><span class=\"wpcf7-list-item first\"><input type=\"checkbox\" name=\"checkbox-945[]\" value=\"Heat Pumps\" \/><span class=\"wpcf7-list-item-label\">Bombas de Calor<\/span><\/span><span class=\"wpcf7-list-item\"><input type=\"checkbox\" name=\"checkbox-945[]\" value=\"Solar\" \/><span class=\"wpcf7-list-item-label\">Solar<\/span><\/span><span class=\"wpcf7-list-item\"><input type=\"checkbox\" name=\"checkbox-945[]\" value=\"Aircon\" \/><span class=\"wpcf7-list-item-label\">Aire Acondicionado<\/span><\/span><span class=\"wpcf7-list-item last\"><input type=\"checkbox\" name=\"checkbox-945[]\" value=\"Complete Package\" \/><span class=\"wpcf7-list-item-label\">Paquete completo<\/span><\/span><\/span><\/span>\n<\/p>\n<p><span style=\"font-weight:600;font-size:18px;\">Si est\u00e1s interesado en Energ\u00eda Solar, por favor, env\u00edanos los siguientes detalles:<\/span>\n<\/p>\n<div class=\"wpcf7-inline-wrapper\">\n\t<p class=\"wpcf7-inline-field\">Tu \u00faltima factura de electricidad: <span class=\"wpcf7-form-control-wrap\" data-name=\"Electricity\"><input size=\"40\" class=\"wpcf7-form-control wpcf7-file\" accept=\".jpg,.png,.jpeg,.pdf\" aria-invalid=\"false\" type=\"file\" name=\"Electricity\" \/><\/span>\n\t<\/p>\n\t<p class=\"wpcf7-inline-field\">Una foto de la caja de fusibles principal de la propiedad: <span class=\"wpcf7-form-control-wrap\" data-name=\"Fuses\"><input size=\"40\" class=\"wpcf7-form-control wpcf7-file\" accept=\".jpg,.png,.jpeg,.pdf\" aria-invalid=\"false\" type=\"file\" name=\"Fuses\" \/><\/span>\n\t<\/p>\n<\/div>\n<div>\n\t<p>&nbsp;\n\t<\/p>\n<\/div>\n<p><span style=\"font-weight:600;font-size:24px;\"><br \/>\nDetalles de la Propiedad<\/span>\n<\/p>\n<p class=\"wpcf7-inline-field\" style=\"font-weight:400; margin-bottom:15px\"><b>Localiza tu propiedad<\/b> - Busca tu direcci\u00f3n en el icono de b\u00fasqueda situado en la parte superior derecha del mapa.<br \/>\nEl marcador deber\u00eda entonces acercarse a tu ubicaci\u00f3n.<br \/>\nA continuaci\u00f3n, puedes arrastrar el marcador directamente sobre tu propiedad.\n<\/p>\n<div id=\"\" class=\"wpcf7-form-control-wrap cf7-google-map-container map-884\" \n  data-name=\"map-884\" \n  data-show-address=\"false\" \n  data-zoom=\"9\" \n  data-clat=\"38.61261940000001\" \n  data-clng=\"-0.0952360999999935\" \n  data-lat=\"38.6126194\" \n  data-lng=\"-0.0952361\">\n  <div id=\"cf7-googlemap-map-884\" class=\"cf7-googlemap wpcf7-form-control wpcf7-map cf7-googleMap\"><\/div>\n  <div class=\"cf7-google-map-search\">\n\t\t<input name=\"search-map-884\" id=\"search-map-884\" value=\"\" class=\"cf7marker-address\" type=\"text\">\n\t<input name=\"zoom-map-884\" id=\"zoom-map-884\" value=\"\" type=\"hidden\">\n\t<input name=\"clat-map-884\" id=\"clat-map-884\" value=\"\" type=\"hidden\">\n\t<input name=\"clng-map-884\" id=\"clng-map-884\" value=\"\" type=\"hidden\">\n\t<input name=\"lat-map-884\" id=\"lat-map-884\" value=\"\" type=\"hidden\">\n\t<input name=\"lng-map-884\" id=\"lng-map-884\" value=\"\" type=\"hidden\">\n\t<input name=\"address-map-884\" id=\"address-map-884\" value=\"\" type=\"hidden\">\n\t<input name=\"map-884\" id=\"map-884\"  class=\"cf7-googlemap-field\" value=\"\" type=\"hidden\">\n\t<input name=\"manual-address-map-884\" id=\"manual-address-map-884\" value=\"false\" type=\"hidden\">\n  <\/div>\n  <span class=\"wpcf7-form-control-wrap map-884\"><\/span>\n  <script type=\"text\/javascript\"><\/script>\n<\/div>\n<div>\n\t<p>&nbsp;\n\t<\/p>\n<\/div>\n<p><span style=\"font-weight:600;font-size:24px;\"><br \/>\nCualquier otra informaci\u00f3n que consideres que deber\u00edamos conocer<\/span>\n<\/p>\n<p><span class=\"wpcf7-form-control-wrap\" data-name=\"your-message\"><textarea cols=\"40\" rows=\"4\" maxlength=\"2000\" class=\"wpcf7-form-control wpcf7-textarea\" aria-invalid=\"false\" placeholder=\"Mensaje\" name=\"your-message\"><\/textarea><\/span>\n<\/p>\n<p><input type=\"checkbox\" name=\"mc4wp-subscribe\" value=\"1\" \/>&nbsp;&nbsp;Estoy interesado en recibir informaci\u00f3n sobre sus productos y servicios.\n<\/p>\n<p><span class=\"wpcf7-form-control-wrap\" data-name=\"acceptance-441\"><span class=\"wpcf7-form-control wpcf7-acceptance\"><span class=\"wpcf7-list-item\"><label><input type=\"checkbox\" name=\"acceptance-441\" value=\"1\" aria-invalid=\"false\" \/><span class=\"wpcf7-list-item-label\">He le\u00eddo y acepto la <a href=\"https:\/\/www.comfortenergysolutions.es\/es\/privacy\/\" target=\"_blank\">pol\u00edtica de privacidad*<\/a><\/span><\/label><\/span><\/span><\/span>\n<\/p>\n<p><input class=\"wpcf7-form-control wpcf7-submit has-spinner btn btn-accent btn-lg btn-flat btn-custom-typo font-weight-400\" type=\"submit\" value=\"Env\u00edame un presupuesto\" \/>\n<\/p><div class=\"wpcf7-response-output\" aria-hidden=\"true\"><\/div>\n<input type=\"hidden\" name=\"trp-form-language\" value=\"es\"\/><\/form>\n<\/div>\n<\/div><\/div><\/div><\/div><\/div><script id=\"script-row-unique-2\" data-row=\"script-row-unique-2\" type=\"text\/javascript\" class=\"vc_controls\">UNCODE.initRow(document.getElementById(\"row-unique-2\"));<\/script><\/div><\/div><\/div>\n<\/div>","protected":false},"excerpt":{"rendered":"Request a QuotationComfort Energy Solutions is here to make your life in Spain easier, greener, and more comfortable.Let us take [...]","protected":false},"author":2,"featured_media":0,"parent":0,"menu_order":0,"comment_status":"closed","ping_status":"closed","template":"","meta":{"iawp_total_views":177,"footnotes":""},"class_list":["post-159364","page","type-page","status-publish","hentry"],"_links":{"self":[{"href":"https:\/\/www.comfortenergysolutions.es\/es\/wp-json\/wp\/v2\/pages\/159364","targetHints":{"allow":["GET"]}}],"collection":[{"href":"https:\/\/www.comfortenergysolutions.es\/es\/wp-json\/wp\/v2\/pages"}],"about":[{"href":"https:\/\/www.comfortenergysolutions.es\/es\/wp-json\/wp\/v2\/types\/page"}],"author":[{"embeddable":true,"href":"https:\/\/www.comfortenergysolutions.es\/es\/wp-json\/wp\/v2\/users\/2"}],"replies":[{"embeddable":true,"href":"https:\/\/www.comfortenergysolutions.es\/es\/wp-json\/wp\/v2\/comments?post=159364"}],"version-history":[{"count":10,"href":"https:\/\/www.comfortenergysolutions.es\/es\/wp-json\/wp\/v2\/pages\/159364\/revisions"}],"predecessor-version":[{"id":160182,"href":"https:\/\/www.comfortenergysolutions.es\/es\/wp-json\/wp\/v2\/pages\/159364\/revisions\/160182"}],"wp:attachment":[{"href":"https:\/\/www.comfortenergysolutions.es\/es\/wp-json\/wp\/v2\/media?parent=159364"}],"curies":[{"name":"wp","href":"https:\/\/api.w.org\/{rel}","templated":true}]}}